{"id":6,"date":"2012-11-29T14:02:58","date_gmt":"2012-11-29T12:02:58","guid":{"rendered":"http:\/\/www.24h-schluesseldienst.ch\/?page_id=6"},"modified":"2018-07-12T15:30:28","modified_gmt":"2018-07-12T13:30:28","slug":"schlusselnotdienst","status":"publish","type":"page","link":"https:\/\/24h-schluesseldienst.ch\/","title":{"rendered":"Schl\u00fcsselnotdienst"},"content":{"rendered":"<h2 style=\"text-align: center;\"><a class=\"maxbutton-1 maxbutton maxbutton-call-button\" href=\"tel:0800783782\"><span class='mb-text'>Rufen Sie uns an 0800783782<\/span><\/a><\/h2>\n<h3>Schl\u00fcssel abgebrochen, Schlo\u00df defekt, Autot\u00fcre zu und Autoschl\u00fcssel verloren oder Ihr Tresor l\u00e4\u00dft sich nicht mehr \u00f6ffnen? Wer war nicht schon einmal in einer dieser unangenehmen Situationen? Wir helfen! Schnell, zuverl\u00e4ssig und kompetent sind wir zu jeder Tages- und Nachtzeit erreichbar und in wenigen Minuten bei Ihnen vor Ort.<\/h3>\n","protected":false},"excerpt":{"rendered":"<p>Schl\u00fcssel abgebrochen, Schlo\u00df defekt, Autot\u00fcre zu und Autoschl\u00fcssel verloren oder Ihr Tresor l\u00e4\u00dft sich nicht mehr \u00f6ffnen? Wer war nicht schon einmal in einer dieser unangenehmen Situationen? Wir helfen! Schnell, zuverl\u00e4ssig und kompetent sind wir zu jeder Tages- und Nachtzeit<\/p>\n","protected":false},"author":1,"featured_media":0,"parent":0,"menu_order":0,"comment_status":"open","ping_status":"open","template":"","meta":[],"_links":{"self":[{"href":"https:\/\/24h-schluesseldienst.ch\/index.php?rest_route=\/wp\/v2\/pages\/6"}],"collection":[{"href":"https:\/\/24h-schluesseldienst.ch\/index.php?rest_route=\/wp\/v2\/pages"}],"about":[{"href":"https:\/\/24h-schluesseldienst.ch\/index.php?rest_route=\/wp\/v2\/types\/page"}],"author":[{"embeddable":true,"href":"https:\/\/24h-schluesseldienst.ch\/index.php?rest_route=\/wp\/v2\/users\/1"}],"replies":[{"embeddable":true,"href":"https:\/\/24h-schluesseldienst.ch\/index.php?rest_route=%2Fwp%2Fv2%2Fcomments&post=6"}],"version-history":[{"count":20,"href":"https:\/\/24h-schluesseldienst.ch\/index.php?rest_route=\/wp\/v2\/pages\/6\/revisions"}],"predecessor-version":[{"id":98,"href":"https:\/\/24h-schluesseldienst.ch\/index.php?rest_route=\/wp\/v2\/pages\/6\/revisions\/98"}],"wp:attachment":[{"href":"https:\/\/24h-schluesseldienst.ch\/index.php?rest_route=%2Fwp%2Fv2%2Fmedia&parent=6"}],"curies":[{"name":"wp","href":"https:\/\/api.w.org\/{rel}","templated":true}]}}